{"id":996,"date":"2022-03-13T15:08:50","date_gmt":"2022-03-13T18:08:50","guid":{"rendered":"https:\/\/parts.ubamicros.com.br\/?post_type=product&#038;p=996"},"modified":"2022-03-13T15:08:50","modified_gmt":"2022-03-13T18:08:50","slug":"pasta-termica-rise-mode-silver-frost-5-gramas","status":"publish","type":"product","link":"https:\/\/parts.ubamicros.com.br\/?product=pasta-termica-rise-mode-silver-frost-5-gramas","title":{"rendered":"Pasta T\u00e9rmica Rise Mode Silver Frost &#8211; 5 Gramas"},"content":{"rendered":"<p class=\"ui-pdp-description__content\">PASTA T\u00c9RMICA RISE MODE FROST<\/p>\n<p>=======================================================================<\/p>\n<p>Pasta t\u00e9rmica Risemode Frost, alta performance no resfriamento do seu PC!<\/p>\n<p>Marca: Rise Mode<br \/>\nModelo: Pasta t\u00e9rmica RiseMode Silver Frost<\/p>\n<p>=======================================================================<\/p>\n<p>ESPECIFICA\u00c7\u00d5ES:<\/p>\n<p>Conte\u00fado: 5g<br \/>\nCor: Cinza<br \/>\nComposi\u00e7\u00e3o: Silicone e Prata<br \/>\nCondutividade T\u00e9rmica: &gt; 5,5 W \/ mK<br \/>\nResistencia \u00e0 Temperatura: -50 \u00b0 C &#8211; 220 \u00b0 C<br \/>\nAlta condutividade T\u00e9rmica<br \/>\nN\u00e3o condutivo<br \/>\nF\u00e1cil aplica\u00e7\u00e3o<br \/>\nResist\u00eancia \u00e0 corros\u00e3o<\/p>\n","protected":false},"excerpt":{"rendered":"<p>PASTA T\u00c9RMICA RISE MODE FROST ======================================================================= Pasta t\u00e9rmica Risemode Frost, alta performance no resfriamento do seu PC! Marca: Rise Mode Modelo: Pasta t\u00e9rmica RiseMode Silver Frost ======================================================================= ESPECIFICA\u00c7\u00d5ES: Conte\u00fado: 5g<\/p>\n","protected":false},"featured_media":997,"template":"","meta":[],"product_cat":[197],"product_tag":[],"class_list":{"0":"post-996","1":"product","2":"type-product","3":"status-publish","6":"product_brand-rise-mode","7":"product_cat-componentes-eletronicos","9":"first","10":"instock","11":"shipping-taxable","12":"purchasable","13":"product-type-simple"},"_links":{"self":[{"href":"https:\/\/parts.ubamicros.com.br\/index.php?rest_route=\/wp\/v2\/product\/996","targetHints":{"allow":["GET"]}}],"collection":[{"href":"https:\/\/parts.ubamicros.com.br\/index.php?rest_route=\/wp\/v2\/product"}],"about":[{"href":"https:\/\/parts.ubamicros.com.br\/index.php?rest_route=\/wp\/v2\/types\/product"}],"wp:featuredmedia":[{"embeddable":true,"href":"https:\/\/parts.ubamicros.com.br\/index.php?rest_route=\/wp\/v2\/media\/997"}],"wp:attachment":[{"href":"https:\/\/parts.ubamicros.com.br\/index.php?rest_route=%2Fwp%2Fv2%2Fmedia&parent=996"}],"wp:term":[{"taxonomy":"product_cat","embeddable":true,"href":"https:\/\/parts.ubamicros.com.br\/index.php?rest_route=%2Fwp%2Fv2%2Fproduct_cat&post=996"},{"taxonomy":"product_tag","embeddable":true,"href":"https:\/\/parts.ubamicros.com.br\/index.php?rest_route=%2Fwp%2Fv2%2Fproduct_tag&post=996"}],"curies":[{"name":"wp","href":"https:\/\/api.w.org\/{rel}","templated":true}]}}