{"id":990,"date":"2022-03-13T14:53:14","date_gmt":"2022-03-13T17:53:14","guid":{"rendered":"https:\/\/parts.ubamicros.com.br\/?post_type=product&#038;p=990"},"modified":"2022-03-13T15:21:54","modified_gmt":"2022-03-13T18:21:54","slug":"chave-tactil-push-button-6x6x43mm-4t-180g","status":"publish","type":"product","link":"https:\/\/parts.ubamicros.com.br\/?product=chave-tactil-push-button-6x6x43mm-4t-180g","title":{"rendered":"Chave Tactil Push Button 6x6x4,3mm 4t 180g"},"content":{"rendered":"<p class=\"ui-pdp-description__title\">\u00a0O Push Button 6&#215;6 \u00e9 um bot\u00e3o\/pulsador utilizado comumente para dar ordem de acionamento em determinados projetos ou equipamentos ativados geralmente sempre que pulsados. &#8211; Dentre as diversas aplica\u00e7\u00f5es as quais o Push Button 6&#215;6 pode ser submetido, \u00e9 comumente empregado como um bot\u00e3o eletr\u00f4nico que possui a funcionalidade de trabalho de um interruptor el\u00e9trico. &#8211; Com dois contatos em seu interior, o Push Button 6&#215;6 \u00e9 uma chave t\u00e1ctil comumente fechada ou comumente aberta, sempre que pulsionado o bot\u00e3o ativa-se automaticamente a fun\u00e7\u00e3o inversa a qual estava sendo realizada anteriormente. &#8211; Adquira j\u00e1 seu Push Button 6&#215;6 e tenha a garantia de estar utilizando em seu projeto um acionador de qualidade que trar\u00e1 maior praticidade e um n\u00edvel de profissionalidade maior para voc\u00ea hobista ou projetista que procura sempre fazer o melhor.<\/p>\n<p>CARACTER\u00cdSTICAS:<br \/>\n&#8211; Push Button 6x6X4,3;<br \/>\n&#8211; Chave T\u00e1ctil;<br \/>\n&#8211; Realiza ordens de acionamento;<br \/>\n&#8211; Acionamento atrav\u00e9s de pulso;<br \/>\n&#8211; Empregado como bot\u00e3o eletr\u00f4nico;<br \/>\n&#8211; Funcionalidade de interruptor el\u00e9trico;<br \/>\n&#8211; Chave t\u00e1ctil geralmente fechada ou aberta.<\/p>\n<p>ESPECIFICA\u00c7\u00d5ES:<br \/>\n&#8211; Modelo:\u00a0KFC-A06 4T 180\u00b0C<br \/>\n&#8211; Tens\u00e3o M\u00e1xima: 12V;<br \/>\n&#8211; Quantidade de terminais: 4<br \/>\n&#8211; Corrente M\u00e1xima: 0,5A;<br \/>\n&#8211; Dimens\u00f5es(CxLxA): 06x06x4,3mm;<br \/>\n&#8211; Peso unit\u00e1rio: 0,3g;<br \/>\n&#8211; Peso com embalagem: 1,5g.<\/p>\n","protected":false},"excerpt":{"rendered":"<p>\u00a0O Push Button 6&#215;6 \u00e9 um bot\u00e3o\/pulsador utilizado comumente para dar ordem de acionamento em determinados projetos ou equipamentos ativados geralmente sempre que pulsados. &#8211; Dentre as diversas aplica\u00e7\u00f5es as<\/p>\n","protected":false},"featured_media":991,"template":"","meta":[],"product_cat":[197],"product_tag":[],"class_list":{"0":"post-990","1":"product","2":"type-product","3":"status-publish","6":"product_brand-tactil","7":"product_cat-componentes-eletronicos","9":"first","10":"instock","11":"shipping-taxable","12":"purchasable","13":"product-type-simple"},"_links":{"self":[{"href":"https:\/\/parts.ubamicros.com.br\/index.php?rest_route=\/wp\/v2\/product\/990","targetHints":{"allow":["GET"]}}],"collection":[{"href":"https:\/\/parts.ubamicros.com.br\/index.php?rest_route=\/wp\/v2\/product"}],"about":[{"href":"https:\/\/parts.ubamicros.com.br\/index.php?rest_route=\/wp\/v2\/types\/product"}],"wp:featuredmedia":[{"embeddable":true,"href":"https:\/\/parts.ubamicros.com.br\/index.php?rest_route=\/wp\/v2\/media\/991"}],"wp:attachment":[{"href":"https:\/\/parts.ubamicros.com.br\/index.php?rest_route=%2Fwp%2Fv2%2Fmedia&parent=990"}],"wp:term":[{"taxonomy":"product_cat","embeddable":true,"href":"https:\/\/parts.ubamicros.com.br\/index.php?rest_route=%2Fwp%2Fv2%2Fproduct_cat&post=990"},{"taxonomy":"product_tag","embeddable":true,"href":"https:\/\/parts.ubamicros.com.br\/index.php?rest_route=%2Fwp%2Fv2%2Fproduct_tag&post=990"}],"curies":[{"name":"wp","href":"https:\/\/api.w.org\/{rel}","templated":true}]}}